{"id":1369,"date":"2016-03-10T02:31:57","date_gmt":"2016-03-10T00:31:57","guid":{"rendered":"http:\/\/microjobengine.enginethemes.com\/?page_id=1369"},"modified":"2020-11-28T21:23:20","modified_gmt":"2020-11-28T19:23:20","slug":"despre_noi","status":"publish","type":"page","link":"https:\/\/www.mjob.work\/ro\/despre_noi\/","title":{"rendered":"Despre Noi"},"content":{"rendered":"<h2 style=\"text-align: center;\">MicrojobsWork<\/h2>\n<h3 style=\"text-align: center;\">O pia\u021b\u0103 Micro complet\u0103 de locuri de munc\u0103<\/h3>\n<h2><strong>1. Cine Suntem Noi<br \/>\n<\/strong><\/h2>\n<p style=\"text-align: justify;\"><span style=\"font-weight: 400;\">MicrojobsWork este o solu\u021bie oferit\u0103 de Takmate Solutions S.R.L., o companie specializat\u0103 \u00een externalizarea serviciilor web \u0219i a serviciilor de promovare web.<\/span><\/p>\n<h2 style=\"text-align: justify;\"><strong>2. De ce s\u0103 alege\u021bi MicrojobsWork<br \/>\n<\/strong><\/h2>\n<p style=\"text-align: justify;\">MicrojobWork v\u0103 ajut\u0103:<\/p>\n<ul style=\"text-align: justify;\">\n<li><strong>Construi\u021bi o platform\u0103 convenabil\u0103 pentru pia\u021ba de locuri de munc\u0103 micro<\/strong><\/li>\n<\/ul>\n<ul style=\"text-align: justify;\">\n<li style=\"list-style-type: none;\">\n<ul>\n<li style=\"font-weight: 400;\"><i><\/i><span style=\"font-weight: 400;\"><em>Concentra\u021bi-v\u0103 pe experien\u021ba utilizatorului:<\/em> numai cu c\u00e2\u021biva pa\u0219i simpli, cump\u0103r\u0103torii pot alege un furnizor potrivit pentru a face lucrurile. R\u0103sfoi\u021bi &#8211; Cump\u0103ra\u021bi &#8211; Terminat. Sun\u0103 simplu, dar este de fapt rezultatul a nenum\u0103rate ore de cercetare pentru un UX optimizat.<\/span><\/li>\n<li style=\"font-weight: 400;\"><i><\/i><span style=\"font-weight: 400;\"><em>U\u0219or de utilizat<\/em>: cump\u0103r\u0103torii pot g\u0103si cu u\u0219urin\u021b\u0103 servicii conexe, pot comanda \u0219i monitoriza p\u00e2n\u0103 c\u00e2nd totul este finalizat. De asemenea, pot discuta cu v\u00e2nz\u0103torii pentru a ad\u0103uga servicii suplimentare care s\u0103 corespund\u0103 cerin\u021belor lor.<\/span><\/li>\n<li style=\"font-weight: 400;\"><i><\/i><span style=\"font-weight: 400;\"><em>Furnizori de \u00eenalt\u0103 calitate:<\/em> pagin\u0103 de profil frumos realizat\u0103, precum \u0219i instrument de generare de bani pentru a ajuta v\u00e2nz\u0103torii s\u0103 atrag\u0103 mai mul\u021bi cump\u0103r\u0103tori. Nu sunt necesare abilit\u0103\u021bi profesionale de prezentare.<\/span><\/li>\n<li style=\"font-weight: 400;\"><i><\/i><span style=\"font-weight: 400;\"><em>Tranzac\u021bie u\u0219oar\u0103:<\/em> sunt furnizate diferite metode de plat\u0103 \u0219i gateway-uri.<\/span><i><\/i><\/li>\n<\/ul>\n<\/li>\n<\/ul>\n<ul style=\"text-align: justify;\">\n<li><strong>Crea\u021bi o platform\u0103 de pia\u021b\u0103 de lucru micro sigur\u0103 \u0219i fiabil\u0103<\/strong><\/li>\n<\/ul>\n<ul style=\"text-align: justify;\">\n<li style=\"list-style-type: none;\">\n<ul>\n<li style=\"font-weight: 400;\"><i><\/i><span style=\"font-weight: 400;\"><em>Recenzii de \u00eencredere:<\/em> v\u00e2nz\u0103torii primesc recenzii numai de la cump\u0103r\u0103torii care \u00ee\u0219i experimenteaz\u0103 serviciile.<\/span><\/li>\n<li style=\"font-weight: 400;\"><i><\/i><span style=\"font-weight: 400;\"><em>Reputa\u021bia serviciului:<\/em> cump\u0103ra\u021bi \u0219i vede\u021bi reputa\u021bia unui v\u00e2nz\u0103tor pentru a g\u0103si cea mai potrivit\u0103.<\/span><\/li>\n<li style=\"font-weight: 400;\"><i><\/i><span style=\"font-weight: 400;\"><em>Urm\u0103rirea u\u0219oar\u0103 a comenzilor:<\/em> dispunem de Mesaje primite de conversa\u021bii interactive \u0219i tablou de bord, astfel \u00eenc\u00e2t at\u00e2t cump\u0103r\u0103torii, c\u00e2t \u0219i v\u00e2nz\u0103torii pot urm\u0103ri cu u\u0219urin\u021b\u0103 starea fiec\u0103rei comenzi.<\/span><\/li>\n<li style=\"font-weight: 400;\"><i><\/i><span style=\"font-weight: 400;\"><em>Rezolva\u021bi orice litigii:<\/em> avem un sistem de litigii pe care administratorul \u00eel poate arbitra \u0219i se poate asigura de fiabilitatea platformei.<\/span><\/li>\n<\/ul>\n<\/li>\n<\/ul>\n<ul style=\"text-align: justify;\">\n<li><strong>Spori\u021bi performan\u021ba platformei dvs. de pia\u021b\u0103 de munc\u0103 micro<\/strong><\/li>\n<\/ul>\n<ul style=\"text-align: justify;\">\n<li style=\"list-style-type: none;\">\n<ul>\n<li style=\"font-weight: 400;\"><i><\/i><span style=\"font-weight: 400;\"><em>Rapid:<\/em> test\u0103m performan\u021ba MicrojobsWork cu diferi\u021bi furnizori de g\u0103zduire pentru a ne asigura c\u0103 se aprinde rapid.<\/span><\/li>\n<li style=\"font-weight: 400;\"><i><\/i><span style=\"font-weight: 400;\"><em>Securizat<\/em>: ne asigur\u0103m c\u0103 utilizatorii no\u0219tri sunt \u00eentotdeauna proteja\u021bi printr-un proces de autentificare \u0219i plat\u0103 securizat.<\/span><\/li>\n<li style=\"font-weight: 400;\"><em>U\u0219or<\/em>: Optimiz\u0103m toate fluxurile interactive de pe site cu cod CSS \u0219i HTML5 curat, astfel \u00eenc\u00e2t utilizatorii dvs. s\u0103 aib\u0103 cea mai bun\u0103 experien\u021b\u0103 pe platforma dvs.<\/li>\n<\/ul>\n<\/li>\n<\/ul>\n<ul style=\"text-align: justify;\">\n<li><strong>C\u00e2\u0219tiga\u021bi bani cu platforma noastr\u0103<\/strong><\/li>\n<\/ul>\n<ul>\n<li style=\"list-style-type: none;\"><\/li>\n<\/ul>\n<h2 style=\"text-align: justify;\"><strong>3. <\/strong>Cum functioneaza<\/h2>\n<ul>\n<li>R\u0103sfoi\u021bi-v\u0103 interesele<\/li>\n<\/ul>\n<p>Tasta\u021bi interesele dvs. \u00een caseta de c\u0103utare pentru a ob\u021bine cele mai bune rezultate.<\/p>\n<ul>\n<li>Alege o slujb\u0103<\/li>\n<\/ul>\n<p>Alege\u021bi dintre mJob-urile populare \u0219i alege\u021bi-l pe cel preferat.<\/p>\n<ul>\n<li>Termin\u0103-l<\/li>\n<\/ul>\n<p>Pl\u0103ti\u021bi prin sistemul nostru sigur \u0219i de \u00eencredere. \u0218i primi\u021bi lucruri de la oameni care iubesc ceea ce fac.<\/p>\n<h2 style=\"text-align: justify;\"><strong>\u00a0<\/strong><\/h2>\n<h2><strong>4. \u00cendepline\u0219te-\u021bi nevoile<br \/>\n<\/strong><\/h2>\n<p style=\"text-align: justify;\"><span style=\"font-weight: 400;\">Este un fapt stabilit de mult timp c\u0103 un cititor va fi distras de con\u021binutul lizibil al unei pagini atunci c\u00e2nd se uit\u0103 la aspectul acesteia. Scopul utiliz\u0103rii MicrojobsWork este c\u0103 are o distribu\u021bie mai mult sau mai pu\u021bin normal\u0103 a literelor, spre deosebire de utilizarea \u201eCon\u021binut aici, con\u021binut aici\u201d, f\u0103c\u00e2ndu-l s\u0103 arate bine in limba rom\u00e2n\u0103 lizibil\u0103 sau orice alt\u0103 limb\u0103 pe care o ve\u021bi vedea pe acest site.<\/span><\/p>\n","protected":false},"excerpt":{"rendered":"<p>MicrojobsWork O pia\u021b\u0103 Micro complet\u0103 de locuri de munc\u0103 1. Cine Suntem Noi MicrojobsWork este o solu\u021bie oferit\u0103 de Takmate Solutions S.R.L., o companie specializat\u0103 \u00een externalizarea serviciilor web \u0219i a serviciilor de promovare web. 2. De ce s\u0103 alege\u021bi MicrojobsWork MicrojobWork v\u0103 ajut\u0103: Construi\u021bi o platform\u0103 convenabil\u0103 pentru pia\u021ba de locuri de munc\u0103 micro [&hellip;]<\/p>\n","protected":false},"author":9,"featured_media":0,"parent":0,"menu_order":0,"comment_status":"closed","ping_status":"closed","template":"","meta":{"footnotes":""},"class_list":["post-1369","page","type-page","status-publish","hentry"],"_links":{"self":[{"href":"https:\/\/www.mjob.work\/ro\/wp-json\/wp\/v2\/pages\/1369","targetHints":{"allow":["GET"]}}],"collection":[{"href":"https:\/\/www.mjob.work\/ro\/wp-json\/wp\/v2\/pages"}],"about":[{"href":"https:\/\/www.mjob.work\/ro\/wp-json\/wp\/v2\/types\/page"}],"author":[{"embeddable":true,"href":"https:\/\/www.mjob.work\/ro\/wp-json\/wp\/v2\/users\/9"}],"replies":[{"embeddable":true,"href":"https:\/\/www.mjob.work\/ro\/wp-json\/wp\/v2\/comments?post=1369"}],"version-history":[{"count":4,"href":"https:\/\/www.mjob.work\/ro\/wp-json\/wp\/v2\/pages\/1369\/revisions"}],"predecessor-version":[{"id":2269,"href":"https:\/\/www.mjob.work\/ro\/wp-json\/wp\/v2\/pages\/1369\/revisions\/2269"}],"wp:attachment":[{"href":"https:\/\/www.mjob.work\/ro\/wp-json\/wp\/v2\/media?parent=1369"}],"curies":[{"name":"wp","href":"https:\/\/api.w.org\/{rel}","templated":true}]}}