{"id":1509,"date":"2016-03-12T03:59:01","date_gmt":"2016-03-12T03:59:01","guid":{"rendered":"http:\/\/microjobengine.enginethemes.com\/about-us-2\/"},"modified":"2020-11-28T22:23:09","modified_gmt":"2020-11-28T20:23:09","slug":"cum-functioneaza","status":"publish","type":"page","link":"https:\/\/www.mjob.work\/ro\/cum-functioneaza\/","title":{"rendered":"Cum func\u021bioneaz\u0103"},"content":{"rendered":"<h2 style=\"text-align: center;\"><strong>Pia\u021ba de locuri de munc\u0103 micro<\/strong><\/h2>\n<h4 style=\"text-align: center;\"><strong>Finaliza\u021bi lucrurile cu un flux \u00een 3 pa\u0219i: R\u0103sfoi\u021bi &#8211; Cump\u0103ra\u021bi &#8211; Rezolvat<\/strong><\/h4>\n<p><strong>MicrojobWork \u00eei ajut\u0103 pe utilizatori s\u0103 g\u0103seasc\u0103 rapid v\u00e2nz\u0103tori de \u00eencredere pentru a finaliza lucrurile cu un flux de 3 pa\u0219i: R\u0103sfoi\u021bi &#8211; Cump\u0103ra\u021bi &#8211; Rezolvat<\/strong><\/p>\n<p>Pentru a face acest lucru, am dezvoltat un design centrat pe conversie pentru MicrojobWork. \u00cen MicrojobWork, un utilizator are at\u00e2t roluri de cump\u0103r\u0103tor, c\u00e2t \u0219i de v\u00e2nz\u0103tor.<\/p>\n<h4><strong>1. R\u0103sfoi\u021bi: \u00eencurajarea interac\u021biunii<\/strong><\/h4>\n<p>Valoarea de baz\u0103 a unei pie\u021be de servicii se bazeaz\u0103 pe capacitatea sa de a se potrivi persoanelor care caut\u0103 un serviciu cu cei mai potrivi\u021bi furnizori. Acesta este cel mai important flux pe care se concentreaz\u0103 MicrojobWork.<\/p>\n<p>Pagina principal\u0103: vizitatorii pot determina rapid dac\u0103 site-ul dvs. ofer\u0103 ceea ce au nevoie, apoi arunc\u0103 o privire asupra categoriilor de servicii \u0219i fac clic pe o categorie, un mJob sau pot c\u0103uta cu orice cuvinte cheie. (\u00cen MicrojobWork, numim un serviciu \u201emJob\u201d, pronun\u021bat MicroJob)<\/p>\n<p>\u00cen pagina de listare mJob, cump\u0103r\u0103torii pot r\u0103sfoi mJobs f\u0103r\u0103 confuzie, deoarece fiecare mJob este afi\u0219at ca un bloc cu informa\u021bii bine organizate. Cump\u0103r\u0103torii pot fi con\u0219tien\u021bi de care mJob este potrivit pentru nevoile lor pe baza imaginii, descrierii, evalu\u0103rilor \u0219i st\u0103rii fiec\u0103rui mJob. \u00cen plus, cump\u0103r\u0103torul poate vizualiza mJob-urile aferente folosind filtrul avansat (dup\u0103 categorie, etichet\u0103 sau rating) f\u0103r\u0103 a re\u00eenc\u0103rca site-ul.<\/p>\n<p>MicrojobWork ofer\u0103 o pagin\u0103 informativ\u0103 mJob cu o descriere clar\u0103 a serviciului, exemple de imagini intuitive, num\u0103r de comand\u0103 real \u0219i evalu\u0103ri \/ recenzii fiabile. Acest lucru \u00eei ajut\u0103 pe utilizatori s\u0103 afle mai bine despre un mJob \u00eenainte de a decide s\u0103 comande. Cump\u0103r\u0103torii pot, de asemenea, s\u0103 vizualizeze \u0219i s\u0103 selecteze sarcinile suplimentare ale unui mJob, astfel \u00eenc\u00e2t cump\u0103r\u0103torii s\u0103 se asigure c\u0103 corespunde nevoilor lor.<\/p>\n<h4><strong>2. Progres de cump\u0103rare \u0219i livrare neted \u0219i clar<\/strong><\/h4>\n<p>Pentru a \u00eencuraja mai multe achizi\u021bii, cump\u0103r\u0103torii pot plasa o comand\u0103 chiar \u00eenainte de a crea un cont. \u00cen\u021belegem, de asemenea, c\u00e2t de important\u0103 este comunicarea \u00een procesul de achizi\u021bie, pentru a ajuta ambele p\u0103r\u021bi s\u0103 \u00een\u021beleag\u0103 \u00een mod clar domeniul de activitate \u0219i s\u0103 stimuleze rezultatele.<\/p>\n<p>Prin urmare, pe l\u00e2ng\u0103 ad\u0103ugarea caracteristicii \u201ecomanda\u021bi servicii suplimentare\u201d, MicrojobWork ofer\u0103 un sistem de comunicare care permite cump\u0103r\u0103torilor \u0219i v\u00e2nz\u0103torilor s\u0103 discute direct \u0219i s\u0103 primeasc\u0103 notificarea ori de c\u00e2te ori au mesaje noi. Astfel, ei pot comunica \u00een mod constant p\u00e2n\u0103 la finalizarea mJob comandat.<\/p>\n<p>Cu o interfa\u021b\u0103 simpl\u0103 de plat\u0103, f\u0103r\u0103 conectare necesar\u0103 \u0219i un buton de \u00eendemn eviden\u021biat, cump\u0103r\u0103torii vor fi mai dornici s\u0103-\u0219i finalizeze comanda. MicrojobWork sprijin\u0103, de asemenea, utilizatorii s\u0103 schimbe informa\u021biile de comand\u0103 la check-out.<\/p>\n<p>Odat\u0103 ce a fost plasat\u0103 o comand\u0103, cu un sistem de urm\u0103rire a comenzilor, at\u00e2t cump\u0103r\u0103torii, c\u00e2t \u0219i v\u00e2nz\u0103torul pot monitoriza cu u\u0219urin\u021b\u0103 starea unui mJob (\u00cen a\u0219teptare, activ, \u00eent\u00e2rziat, livrat, finalizat, disputat sau contestat). Fiecare stare are leg\u0103tur\u0103 str\u00e2ns\u0103 cu fluxurile de achizi\u021bii \u0219i pl\u0103\u021bi, pe care le vom clarifica mai jos.<\/p>\n<h4><strong>3. Realizeaz\u0103 lucrurile \u00een cel mai bun mod<\/strong><\/h4>\n<p>MicrojobWork \u00ee\u0219i propune s\u0103 aduc\u0103 satisfac\u021bie at\u00e2t cump\u0103r\u0103torilor, c\u00e2t \u0219i v\u00e2nz\u0103torilor \u0219i, de asemenea, s\u0103 le men\u021bin\u0103 mai mult timp pe site-ul dvs. web, deoarece \u00een\u021belegem c\u0103 interac\u021biunile de succes ale utilizatorilor \u0219i tranzac\u021biile vor stimula cre\u0219terea site-ului dvs.<\/p>\n<p>Odat\u0103 ce un v\u00e2nz\u0103tor \u00ee\u0219i termin\u0103 mJob-ul \u0219i \u00eel livreaz\u0103 cump\u0103r\u0103torului, cump\u0103r\u0103torul poate alege s\u0103 accepte lucrarea \u0219i s\u0103 schimbe statutul mJob \u00een Order Finished, apoi poate scrie o recenzie pentru acel v\u00e2nz\u0103tor. Dac\u0103 nu este mul\u021bumit de slujb\u0103, el poate trimite o cerere de disput\u0103 administratorului.<\/p>\n<p>Pentru cump\u0103r\u0103tori, MicrojobWork \u00eei ajut\u0103 s\u0103 monitorizeze cu u\u0219urin\u021b\u0103 toate mJob-urile. V\u00e2nz\u0103torii pot modifica starea unui mJob (activ, \u00eentrerupt sau arhivat) pe baza programului s\u0103u. C\u00e2nd un mJob este \u00eentrerupt, acesta nu va fi disponibil pentru comenzi, deci nu va fi cople\u0219it de volumul de munc\u0103 \u0219i \u00ee\u0219i poate p\u0103stra \u0219i reputa\u021bia.<\/p>\n","protected":false},"excerpt":{"rendered":"<p>Pia\u021ba de locuri de munc\u0103 micro Finaliza\u021bi lucrurile cu un flux \u00een 3 pa\u0219i: R\u0103sfoi\u021bi &#8211; Cump\u0103ra\u021bi &#8211; Rezolvat MicrojobWork \u00eei ajut\u0103 pe utilizatori s\u0103 g\u0103seasc\u0103 rapid v\u00e2nz\u0103tori de \u00eencredere pentru a finaliza lucrurile cu un flux de 3 pa\u0219i: R\u0103sfoi\u021bi &#8211; Cump\u0103ra\u021bi &#8211; Rezolvat Pentru a face acest lucru, am dezvoltat un design centrat [&hellip;]<\/p>\n","protected":false},"author":9,"featured_media":0,"parent":0,"menu_order":0,"comment_status":"closed","ping_status":"closed","template":"","meta":{"footnotes":""},"class_list":["post-1509","page","type-page","status-publish","hentry"],"_links":{"self":[{"href":"https:\/\/www.mjob.work\/ro\/wp-json\/wp\/v2\/pages\/1509","targetHints":{"allow":["GET"]}}],"collection":[{"href":"https:\/\/www.mjob.work\/ro\/wp-json\/wp\/v2\/pages"}],"about":[{"href":"https:\/\/www.mjob.work\/ro\/wp-json\/wp\/v2\/types\/page"}],"author":[{"embeddable":true,"href":"https:\/\/www.mjob.work\/ro\/wp-json\/wp\/v2\/users\/9"}],"replies":[{"embeddable":true,"href":"https:\/\/www.mjob.work\/ro\/wp-json\/wp\/v2\/comments?post=1509"}],"version-history":[{"count":3,"href":"https:\/\/www.mjob.work\/ro\/wp-json\/wp\/v2\/pages\/1509\/revisions"}],"predecessor-version":[{"id":2283,"href":"https:\/\/www.mjob.work\/ro\/wp-json\/wp\/v2\/pages\/1509\/revisions\/2283"}],"wp:attachment":[{"href":"https:\/\/www.mjob.work\/ro\/wp-json\/wp\/v2\/media?parent=1509"}],"curies":[{"name":"wp","href":"https:\/\/api.w.org\/{rel}","templated":true}]}}