{"id":1512,"date":"2016-03-12T04:01:20","date_gmt":"2016-03-12T04:01:20","guid":{"rendered":"http:\/\/microjobengine.enginethemes.com\/how-it-works-2\/"},"modified":"2020-11-28T21:06:50","modified_gmt":"2020-11-28T19:06:50","slug":"incredere-si-calitate","status":"publish","type":"page","link":"https:\/\/www.mjob.work\/ro\/incredere-si-calitate\/","title":{"rendered":"\u00cencredere \u0219i Calitate"},"content":{"rendered":"<h2 style=\"text-align: center;\">MicrojobWork v\u0103 ofer\u0103 un sistem de plat\u0103 sigur \u0219i sigur.<\/h2>\n<p>Sistemul de pl\u0103\u021bi MicrojobWork este integrat cu sistemul de urm\u0103rire a comenzilor, asigur\u00e2nd sincronizarea \u00eentre interac\u021biunile utilizatorilor \u0219i controalele de administrare pentru orice tranzac\u021bie.<\/p>\n<p>Aceasta \u00eenseamn\u0103 c\u0103 pute\u021bi controla fiecare tranzac\u021bie chiar pe site-ul dvs. web cu o interfa\u021b\u0103 vizualizat\u0103. \u00cen plus, cu un tablou de bord interactiv, utilizatorii \u00ee\u0219i pot alege metoda de plat\u0103 preferat\u0103, \u00ee\u0219i pot monitoriza veniturile sau pot trimite o cerere de retragere \u00een mod convenabil. MicrojobWork v\u0103 ofer\u0103 posibilitatea de a asigura siguran\u021ba fiec\u0103rei tranzac\u021bii \u0219i beneficiile utilizatorilor dvs.<\/p>\n<p><strong>S\u0103 vedem acest exemplu pentru a \u00een\u021belege mai bine fluxul:<\/strong><\/p>\n<h3><strong>Cump\u0103r\u0103torul comand\u0103 un mJob:<\/strong><\/h3>\n<p><span style=\"font-weight: 400;\">C\u00e2nd cump\u0103r\u0103torul plaseaz\u0103 cu succes o comand\u0103, banii sunt trimi\u0219i printr-un gateway de plat\u0103 c\u0103tre contul de administrator. \u00cen timp, starea comenzii se schimb\u0103 din A\u0219teptat \u00een Activ. Banii virtuali sunt actualiza\u021bi \u00een contul de credit al V\u00e2nz\u0103torului, inform\u00e2ndu-l c\u0103 poate \u00eencepe s\u0103 lucreze la comanda respectiv\u0103. Fiecare tranzac\u021bie va fi autentificat\u0103 \u00een sistem pentru administratori.<\/span><\/p>\n<h3><strong>V\u00e2nz\u0103torul retrage:<\/strong><\/h3>\n<p><span style=\"font-weight: 400;\">C\u00e2nd contul V\u00e2nz\u0103torului atinge plata minim\u0103 predefinit\u0103, V\u00e2nz\u0103torul poate trimite o cerere de retragere c\u0103tre Administrator. Administratorul examineaz\u0103 solicitarea \u0219i decide s\u0103 trimit\u0103 plata c\u0103tre V\u00e2nz\u0103torul respectiv imediat sau \u00eentr-o rutin\u0103 lunar\u0103. Notificarea va fi afi\u0219at\u0103 pe tabloul de bord al v\u00e2nz\u0103torului.<\/span><\/p>\n<h3 style=\"text-align: justify;\"><strong>Disputa:<\/strong><\/h3>\n<p>Atunci c\u00e2nd V\u00e2nz\u0103torul nu finalizeaz\u0103 o comand\u0103 la timp sau livreaz\u0103 lucrarea cu o calitate proast\u0103, Cump\u0103r\u0103torul poate trimite o cerere de contesta\u021bie administratorului. \u00cen alt\u0103 parte, dac\u0103 V\u00e2nz\u0103torul crede c\u0103 a f\u0103cut o treab\u0103 bun\u0103, dar Cump\u0103r\u0103torul nu \u00ee\u0219i accept\u0103 munca, V\u00e2nz\u0103torul poate trimite, de asemenea, o cerere de contesta\u021bie la Administrator.<\/p>\n<p>Administratorul va decide c\u00e2\u0219tig\u0103torul fiec\u0103rui caz \u0219i va transfera banii \u00een contul de credit al c\u00e2\u0219tig\u0103torului. \u00centruc\u00e2t V\u00e2nz\u0103torul poate retrage bani doar pentru mJob-urile terminate, ave\u021bi control complet \u00een orice caz de disput\u0103.<\/p>\n<p>Pe l\u00e2ng\u0103 furnizarea unui sistem de plat\u0103 care ajut\u0103 toate tranzac\u021biile s\u0103 func\u021bioneze f\u0103r\u0103 probleme \u0219i \u00een condi\u021bii de siguran\u021b\u0103, MicrojobWork ofer\u0103 \u0219i administratorilor urm\u0103toarele metode de monetizare:<\/p>\n<p><strong>Prin Comision<\/strong>: percep\u00e2nd comision pentru fiecare tranzac\u021bie efectuat\u0103 pe pia\u021ba dvs.<br \/>\n<strong>Prin Planuri de Membru<\/strong>: mai multe planuri de pachete pentru utilizatori.<\/p>\n<p>&nbsp;<\/p>\n","protected":false},"excerpt":{"rendered":"<p>MicrojobWork v\u0103 ofer\u0103 un sistem de plat\u0103 sigur \u0219i sigur. Sistemul de pl\u0103\u021bi MicrojobWork este integrat cu sistemul de urm\u0103rire a comenzilor, asigur\u00e2nd sincronizarea \u00eentre interac\u021biunile utilizatorilor \u0219i controalele de administrare pentru orice tranzac\u021bie. Aceasta \u00eenseamn\u0103 c\u0103 pute\u021bi controla fiecare tranzac\u021bie chiar pe site-ul dvs. web cu o interfa\u021b\u0103 vizualizat\u0103. \u00cen plus, cu un tablou [&hellip;]<\/p>\n","protected":false},"author":9,"featured_media":0,"parent":0,"menu_order":0,"comment_status":"closed","ping_status":"closed","template":"","meta":{"footnotes":""},"class_list":["post-1512","page","type-page","status-publish","hentry"],"_links":{"self":[{"href":"https:\/\/www.mjob.work\/ro\/wp-json\/wp\/v2\/pages\/1512","targetHints":{"allow":["GET"]}}],"collection":[{"href":"https:\/\/www.mjob.work\/ro\/wp-json\/wp\/v2\/pages"}],"about":[{"href":"https:\/\/www.mjob.work\/ro\/wp-json\/wp\/v2\/types\/page"}],"author":[{"embeddable":true,"href":"https:\/\/www.mjob.work\/ro\/wp-json\/wp\/v2\/users\/9"}],"replies":[{"embeddable":true,"href":"https:\/\/www.mjob.work\/ro\/wp-json\/wp\/v2\/comments?post=1512"}],"version-history":[{"count":2,"href":"https:\/\/www.mjob.work\/ro\/wp-json\/wp\/v2\/pages\/1512\/revisions"}],"predecessor-version":[{"id":2264,"href":"https:\/\/www.mjob.work\/ro\/wp-json\/wp\/v2\/pages\/1512\/revisions\/2264"}],"wp:attachment":[{"href":"https:\/\/www.mjob.work\/ro\/wp-json\/wp\/v2\/media?parent=1512"}],"curies":[{"name":"wp","href":"https:\/\/api.w.org\/{rel}","templated":true}]}}