{"id":2277,"date":"2020-11-28T22:15:10","date_gmt":"2020-11-28T20:15:10","guid":{"rendered":"https:\/\/www.mjob.work\/ro\/?page_id=2277"},"modified":"2020-11-28T22:19:27","modified_gmt":"2020-11-28T20:19:27","slug":"politica-de-cookie","status":"publish","type":"page","link":"https:\/\/www.mjob.work\/ro\/politica-de-cookie\/","title":{"rendered":"Politica de Cookie"},"content":{"rendered":"<p>Site-ul www.mjob.work utilizeaz\u0103 cookie-uri.<\/p>\n<p>Informa\u021biile prezentate mai jos au scopul de a informa utilizatorul mai multe detalii despre plasarea, utilizarea \u0219i administrarea \u201ecookie-urilor\u201d utilizate de site-ul www.mjob.work<\/p>\n<p>Exist\u0103, de asemenea, c\u00e2teva linkuri utile pe aceast\u0103 tem\u0103. Dac\u0103 ave\u021bi nevoie de mai multe informa\u021bii \u0219i nu se g\u0103sesc mai jos, ne pute\u021bi contacta la adresa de e-mail admin@mjob.work<\/p>\n<p>Acest site web folose\u0219te at\u00e2t cookie-uri proprii, c\u00e2t \u0219i cookie-uri ale unor ter\u021be p\u0103r\u021bi pentru a oferi vizitatorilor o experien\u021b\u0103 de navigare mult mai bun\u0103 \u0219i servicii adaptate nevoilor \u0219i intereselor tuturor.<\/p>\n<p>Cookie-urile utilizate pe acest site ofer\u0103 feedback valoros \u0219i ne ajut\u0103 s\u0103 \u00eencerc\u0103m s\u0103 \u00eembun\u0103t\u0103\u021bim experien\u021ba online. Site-ul folose\u0219te cookie-uri, cum ar fi jetoanele care r\u0103m\u00e2n active p\u00e2n\u0103 la \u00eenchiderea ferestrei browserului, pentru a \u00eembun\u0103t\u0103\u021bi experien\u021ba de navigare. Informa\u021biile ob\u021binute din aceste cookie-uri nu sunt stocate \u00een baza de date \u0219i odat\u0103 ce browserul este \u00eenchis, cookie-urile sunt \u0219terse de pe computerul dvs.<\/p>\n<p>Ce este un \u201ecookie\u201d?<\/p>\n<p>Un \u201eInternet Cookie\u201d (cunoscut \u0219i ca \u201ebrowser cookie\u201d sau \u201eHTTP cookie\u201d sau pur \u0219i simplu un \u201ecookie\u201d) este un fi\u0219ier mic, format din litere \u0219i cifre, care va fi stocat pe computerul dvs., terminalul mobil sau alte echipamente a unui utilizator de la care este accesat Internetul.<\/p>\n<p>Cookie-ul este instalat prin cererea emis\u0103 de un server web c\u0103tre un browser (de exemplu, Internet Explorer, Chrome) \u0219i este complet \u201epasiv\u201d (nu con\u021bine software, viru\u0219i sau spyware \u0219i nu poate accesa informa\u021biile de pe hard diskul utilizatorului).<\/p>\n<p>Un cookie const\u0103 din 2 p\u0103r\u021bi: numele \u0219i con\u021binutul sau valoarea cookie-ului. Mai mult, durata de via\u021b\u0103 a unui cookie este determinat\u0103; din punct de vedere tehnic, numai serverul web care a trimis cookie-ul \u00eel poate accesa din nou atunci c\u00e2nd un utilizator revine la site-ul web asociat cu acel server web. Cookie-urile \u00een sine nu necesit\u0103 informa\u021bii personale pentru a fi utilizate \u0219i, \u00een majoritatea cazurilor, nu identific\u0103 personal utilizatorii de internet.<\/p>\n<p>Exist\u0103 2 categorii majore de cookie-uri:<\/p>\n<p>1. Cookie-uri de sesiune &#8211; acestea sunt stocate temporar \u00een folderul de cookie-uri al browserului web, astfel \u00eenc\u00e2t acesta s\u0103 le poat\u0103 stoca p\u00e2n\u0103 c\u00e2nd utilizatorul p\u0103r\u0103se\u0219te site-ul respectiv sau \u00eenchide fereastra browserului (de exemplu, atunci c\u00e2nd se conecteaz\u0103 \/ deconecteaz\u0103 un cont webmail sau re\u021bele sociale)<br \/>\n2. Cookie-uri persistente &#8211; Acestea sunt stocate pe hard diskul unui computer sau dispozitiv (\u0219i, \u00een general, depind de durata de via\u021b\u0103 implicit\u0103 a cookie-ului). Cookie-urile persistente le includ \u0219i pe cele plasate de un alt site web dec\u00e2t cel pe care utilizatorul \u00eel viziteaz\u0103 \u00een prezent &#8211; cunoscut sub numele de \u201ecookie-uri ter\u021b\u0103 parte\u201d &#8211; care pot fi utilizate \u00een mod anonim pentru a memora interesele unui utilizator, astfel \u00eenc\u00e2t s\u0103 fie livrat\u0103 cea mai relevant\u0103 publicitate pentru utilizatori.<\/p>\n<p>Care sunt avantajele cookie-urilor?<\/p>\n<p>Un cookie con\u021bine informa\u021bii care leag\u0103 un browser web (utilizator) de un anumit server web (site web). Dac\u0103 un browser acceseaz\u0103 din nou acel server web, poate citi informa\u021biile deja stocate \u0219i poate reac\u021biona \u00een consecin\u021b\u0103. Cookie-urile ofer\u0103 utilizatorilor o experien\u021b\u0103 de navigare pl\u0103cut\u0103 \u0219i sus\u021bin eforturile multor site-uri web pentru a oferi utilizatorilor servicii confortabile: ex &#8211; preferin\u021be de confiden\u021bialitate online, op\u021biuni de limb\u0103 a site-ului, co\u0219uri de cump\u0103r\u0103turi sau publicitate relevant\u0103.<\/p>\n<p>Care este durata de via\u021b\u0103 a unui cookie?<\/p>\n<p>Cookie-urile sunt gestionate de webservere. Durata de via\u021b\u0103 a unui cookie poate varia semnificativ, \u00een func\u021bie de scopul pentru care este plasat. Unele cookie-uri sunt utilizate exclusiv pentru o singur\u0103 sesiune (cookie-uri de sesiune) \u0219i nu mai sunt re\u021binute odat\u0103 ce utilizatorul a p\u0103r\u0103sit site-ul web \u0219i unele cookie-uri sunt re\u021binute \u0219i reutilizate de fiecare dat\u0103 c\u00e2nd utilizatorul revine pe acel site web (\u201ecookie-permanent\u201d). Cu toate acestea, cookie-urile pot fi \u0219terse de un utilizator \u00een orice moment prin intermediul set\u0103rilor browserului.<\/p>\n<p>Ce sunt cookie-urile de la ter\u021bi?<\/p>\n<p>Anumite sec\u021biuni de con\u021binut de pe unele site-uri pot fi furnizate prin intermediul unor ter\u021bi \/ furnizori (de exemplu, cutie de \u0219tiri, videoclip sau reclam\u0103). Aceste ter\u021be p\u0103r\u021bi pot, de asemenea, s\u0103 plaseze cookie-uri prin intermediul site-ului \u0219i sunt denumite \u201ecookie-uri ale ter\u021bilor\u201d, deoarece nu sunt plasate de proprietarul acelui site web. Furnizorii ter\u021bi trebuie, de asemenea, s\u0103 respecte legisla\u021bia aplicabil\u0103, iar politicile de confiden\u021bialitate ale proprietarului site-ului sunt Google Analytics \u0219i Takmate Solutions Stats.<\/p>\n<p>Cum sunt cookie-urile utilizate de acest site?<\/p>\n<p>O vizit\u0103 la acest site poate plasa cookie-uri \u00een scopul:<\/p>\n<p>Cookie-uri de performan\u021b\u0103 ale site-ului<br \/>\nCookie-uri de analiz\u0103<\/p>\n<p>Cookie-uri pentru analiza vizitatorilor<\/p>\n<p>De fiecare dat\u0103 c\u00e2nd un utilizator viziteaz\u0103 acest site, software-ul de analiz\u0103 furnizat de o ter\u021b\u0103 parte genereaz\u0103 un cookie de analiz\u0103 a utilizatorului. Acest cookie ne spune dac\u0103 a\u021bi vizitat acest site \u00eenainte. Browserul ne va spune dac\u0103 ave\u021bi acest cookie \u0219i, dac\u0103 nu, vom genera unul. Permite monitorizarea utilizatorilor unici care ne viziteaz\u0103 \u0219i c\u00e2t de des o fac.<\/p>\n<p>Alte cookie-uri ale ter\u021bilor<\/p>\n<p>\u00cen unele pagini, ter\u021bii \u00ee\u0219i pot seta propriile cookie-uri anonime pentru a urm\u0103ri succesul unei aplica\u021bii sau pentru a personaliza o aplica\u021bie. Datorit\u0103 utiliz\u0103rii acestui site, acest site nu poate accesa aceste cookie-uri, la fel ca ter\u021bii nu pot accesa cookie-urile de\u021binute de acest site.<\/p>\n<p>Cookie-urile utilizate de acest site pot proveni de la urm\u0103toarele ter\u021be p\u0103r\u021bi:<\/p>\n<p>Google Analytics<\/p>\n<p>Site-ul folose\u0219te cookie-uri Google Analytics pentru a colecta informa\u021bii despre modul \u00een care vizitatorii folosesc acest site \u0219i pentru a detecta posibile probleme de navigare. Google Analytics stocheaz\u0103 informa\u021bii despre paginile vizitate, durata de navigare pe site, modalitatea prin care a fost accesat site-ul precum \u0219i sec\u021biunile accesate din cadrul paginilor. Nu sunt stocate informa\u021bii personale, prin urmare, aceste informa\u021bii nu pot fi folosite pentru identificarea utilizatorului.<\/p>\n<p>Site-ul folose\u0219te Google Analytics pentru a putea urm\u0103ri dac\u0103 site-ul \u00eentrune\u0219te cerin\u021bele utilizatorilor \u0219i pentru a prioritiza \u00eembun\u0103t\u0103\u021birea proceselor derulate. Google ofer\u0103 mai multe informa\u021bii despre cookie-uri \u00een pagina de politic\u0103 a confiden\u021bialit\u0103\u021bii \u0219i politicii cookie-urilor. De asemenea, Google, pune dispozi\u021bia un \u201eadd-on\u201d ce ofer\u0103 posibilitatea de a renun\u021ba la Google Analytics indiferent de pagini accesate.<\/p>\n<p>Dac\u0103 dori\u021bi s\u0103 afla\u021bi mai multe informa\u021bii cu privire la modul \u00een care Google folose\u0219te \u0219i colecteaz\u0103 aceste date, accesa\u021bi link-ul privacy policy. (https:\/\/policies.google.com\/technologies\/types?hl=ro-US)<\/p>\n<p>Ce fel de informa\u021bii sunt stocate \u0219i accesate prin intermediul cookie-urilor?<\/p>\n<p>Cookie-urile stocheaz\u0103 informa\u021bii \u00eentr-un mic fi\u0219ier text care permite unui site web s\u0103 recunoasc\u0103 un browser. Serverul web va recunoa\u0219te browserul p\u00e2n\u0103 c\u00e2nd cookie-ul expir\u0103 sau este \u0219ters.<\/p>\n<p>Cookie-ul stocheaz\u0103 informa\u021bii importante care \u00eembun\u0103t\u0103\u021besc experien\u021ba de navigare pe Internet (de exemplu: set\u0103ri pentru limba \u00een care dori\u021bi s\u0103 accesa\u021bi un site; p\u0103strarea unui utilizator conectat la contul webmail; securitate bancar\u0103 online; p\u0103strarea produselor \u00een co\u0219ul de cump\u0103r\u0103turi)<\/p>\n<p>De ce sunt cookie-urile importante pentru Internet?<\/p>\n<p>Cookie-urile reprezint\u0103 punctul central al func\u021bion\u0103rii eficiente a internetului, ajut\u00e2nd la generarea unei experien\u021be de navigare prietenoase adaptate preferin\u021belor \u0219i intereselor fiec\u0103rui utilizator. Declinarea sau dezactivarea cookie-urilor poate face unele site-uri imposibil de utilizat.<\/p>\n<p>Respingerea sau dezactivarea cookie-urilor nu \u00eenseamn\u0103 c\u0103 nu ve\u021bi mai primi publicitate online &#8211; ci doar c\u0103 nu va mai putea lua \u00een considerare preferin\u021bele \u0219i interesele dvs., eviden\u021biate de comportamentul dvs. de navigare.<\/p>\n<p>Exemple de utiliz\u0103ri importante ale cookie-urilor (care nu necesit\u0103 autentificarea unui utilizator printr-un cont):<\/p>\n<p>Con\u021binut \u0219i servicii adaptate preferin\u021belor utilizatorilor &#8211; categorii de \u0219tiri, vreme, sport, h\u0103r\u021bi, servicii publice \u0219i guvernamentale, site-uri de divertisment \u0219i servicii de c\u0103l\u0103torie.<br \/>\nOferte adaptate intereselor utilizatorilor &#8211; p\u0103strarea parolei, preferin\u021bele de limb\u0103 (Ex: afi\u0219area rezultatelor c\u0103ut\u0103rii \u00een limba rom\u00e2n\u0103).<br \/>\nP\u0103strarea filtrelor de protec\u021bie a copilului pe con\u021binutul de pe Internet (op\u021biuni de mod familial, func\u021bii de c\u0103utare sigure).<br \/>\nLimita\u021bi frecven\u021ba difuz\u0103rii anun\u021burilor &#8211; Limita\u021bi num\u0103rul de afi\u0219\u0103ri ale unui anun\u021b pentru un anumit utilizator de pe un site.<br \/>\nFurnizarea mai multor reclame relevante pentru utilizatori.<br \/>\nFunc\u021bii de m\u0103surare, optimizare \u0219i analiz\u0103 &#8211; cum ar fi confirmarea unui anumit nivel de trafic c\u0103tre un site web, ce tip de con\u021binut este vizualizat \u0219i modul \u00een care un utilizator ajunge pe un site web (de exemplu, prin intermediul motoarelor de c\u0103utare, direct de pe alte site-uri web etc.). Site-urile web efectueaz\u0103 aceste analize ale utiliz\u0103rii lor pentru a \u00eembun\u0103t\u0103\u021bi site-urile \u00een beneficiul utilizatorilor.<\/p>\n<p>Probleme de securitate \u0219i confiden\u021bialitate<\/p>\n<p>Cookie-urile NU sunt viru\u0219i! Folosesc formate de text simplu. Nu sunt alc\u0103tuite din buc\u0103\u021bi de cod, deci nu pot fi executate sau executate. Ca rezultat, acestea nu pot fi duplicate sau replicate pe alte re\u021bele pentru a rula sau replica. Deoarece nu pot \u00eendeplini aceste func\u021bii, nu pot fi considera\u021bi viru\u0219i.<\/p>\n<p>Cu toate acestea, cookie-urile pot fi utilizate \u00een scopuri negative. Deoarece stocheaz\u0103 informa\u021bii despre preferin\u021bele utilizatorilor \u0219i istoricul de navigare, at\u00e2t pe un anumit site, c\u00e2t \u0219i pe alte c\u00e2teva site-uri, cookie-urile pot fi utilizate ca o form\u0103 de spyware. Multe produse anti-spyware sunt con\u0219tiente de acest lucru \u0219i marcheaz\u0103 \u00een mod constant cookie-urile pentru a fi \u0219terse \u00een timpul procedurilor de \u0219tergere \/ scanare antivirus \/ anti-spyware.<\/p>\n<p>\u00cen general, browserele au set\u0103ri de confiden\u021bialitate integrate care ofer\u0103 diferite niveluri de acceptare a cookie-urilor, perioada de valabilitate \u0219i \u0219tergerea automat\u0103 dup\u0103 ce utilizatorul a vizitat un anumit site.<\/p>\n<p>Alte probleme de securitate legate de cookie-uri<\/p>\n<p>Deoarece protec\u021bia identit\u0103\u021bii este foarte valoroas\u0103 \u0219i reprezint\u0103 dreptul fiec\u0103rui utilizator de internet, este recomandabil s\u0103 \u0219ti\u021bi ce posibile probleme pot crea cookie-urile. Deoarece prin intermediul acestora se transmit \u00een mod constant informa\u021bii \u00een ambele direc\u021bii \u00eentre browser \u0219i site-ul web, dac\u0103 un atacator sau o persoan\u0103 neautorizat\u0103 intervine \u00een timpul transmiterii datelor, informa\u021biile con\u021binute \u00een cookie pot fi interceptate. De\u0219i foarte rar, acest lucru se poate \u00eent\u00e2mpla dac\u0103 browserul se conecteaz\u0103 la server folosind o re\u021bea necriptat\u0103 (de exemplu, o re\u021bea WiFi nesecurizat\u0103).<\/p>\n<p>Alte atacuri bazate pe cookie implic\u0103 set\u0103ri incorecte de cookie pe servere. Dac\u0103 un site web nu necesit\u0103 ca browserul s\u0103 utilizeze numai canale criptate, atacatorii pot folosi aceast\u0103 vulnerabilitate pentru a \u00een\u0219ela browserele s\u0103 trimit\u0103 informa\u021bii prin canale nesecurizate. Atacatorii folosesc apoi informa\u021biile pentru a ob\u021bine acces neautorizat la anumite site-uri. Este foarte important s\u0103 fi\u021bi aten\u021bi la alegerea celei mai adecvate metode de protec\u021bie a informa\u021biilor personale.<\/p>\n<p>Sfaturi pentru o navigare sigur\u0103 \u0219i responsabil\u0103 bazat\u0103 pe cookie-uri.<\/p>\n<p>Datorit\u0103 flexibilit\u0103\u021bii lor \u0219i a faptului c\u0103 majoritatea site-urilor cele mai vizitate folosesc cookie-uri, acestea sunt aproape inevitabile. Dezactivarea cookie-urilor nu va permite utilizatorului s\u0103 acceseze cele mai comune \u0219i utilizate site-uri, inclusiv Youtube, Gmail, Yahoo \u0219i altele.<\/p>\n<p>Iat\u0103 c\u00e2teva sfaturi care v\u0103 pot asigura c\u0103 naviga\u021bi f\u0103r\u0103 griji, dar cu ajutorul cookie-urilor:<\/p>\n<p>Personaliza\u021bi set\u0103rile browserului pentru cookie-uri pentru a reflecta un nivel confortabil de securitate a cookie-urilor pentru dvs.<br \/>\nDac\u0103 nu v\u0103 deranjeaz\u0103 cookie-urile \u0219i sunte\u021bi singura persoan\u0103 care folose\u0219te computerul, pute\u021bi seta date de expirare lungi pentru stocarea istoricului de navigare \u0219i a datelor personale de acces.<br \/>\nDac\u0103 nu sunte\u021bi singurul utilizator de computer, v\u0103 recomand\u0103m s\u0103 seta\u021bi browserul pentru a \u0219terge datele individuale de navigare de fiecare dat\u0103 c\u00e2nd \u00eenchide\u021bi browserul. Aceasta este o modalitate de a accesa site-urile care plaseaz\u0103 cookie-uri \u0219i de a \u0219terge orice informa\u021bii despre vizit\u0103 la sf\u00e2r\u0219itul sesiunii de navigare.<br \/>\nInstala\u021bi \u0219i actualiza\u021bi \u00een mod constant aplica\u021biile antispyware.<\/p>\n<p>Multe dintre aplica\u021biile de detectare \u0219i prevenire a programelor spyware includ detectarea atacurilor site-ului. Acest lucru \u00eempiedic\u0103 browserul s\u0103 acceseze site-uri web care ar putea exploata vulnerabilit\u0103\u021bile browserului sau desc\u0103rca programe malware. Asigura\u021bi-v\u0103 c\u0103 browserul dvs. este mereu actualizat. Multe atacuri bazate pe cookie-uri sunt exploatate prin exploatarea punctelor slabe ale versiunilor mai vechi ale browserelor.<\/p>\n<p>Cum pot opri cookie-urile?<\/p>\n<p>Dezactivarea \u0219i refuzul de a primi cookie-uri pot face anumite site-uri impracticabile sau dificil de vizitat \u0219i de utilizat. De asemenea, refuzul de a accepta cookie-uri nu \u00eenseamn\u0103 c\u0103 nu ve\u021bi mai primi \/ vedea publicitate online.<\/p>\n<p>Este posibil s\u0103 seta\u021bi \u00een browser astfel \u00eenc\u00e2t aceste cookie-uri s\u0103 nu mai fie acceptate sau s\u0103 pute\u021bi seta browserul s\u0103 accepte cookie-uri de la un anumit site. Dar, de exemplu, dac\u0103 nu sunte\u021bi \u00eenregistrat folosind cookie-uri, nu ve\u021bi putea l\u0103sa comentarii.<\/p>\n<p>Toate browserele moderne ofer\u0103 posibilitatea de a modifica set\u0103rile cookie-urilor. Aceste set\u0103ri se g\u0103sesc de obicei \u00een meniul \u201eop\u021biuni\u201d sau \u201epreferin\u021be\u201d al browserului dvs.<\/p>\n","protected":false},"excerpt":{"rendered":"<p>Site-ul www.mjob.work utilizeaz\u0103 cookie-uri. Informa\u021biile prezentate mai jos au scopul de a informa utilizatorul mai multe detalii despre plasarea, utilizarea \u0219i administrarea \u201ecookie-urilor\u201d utilizate de site-ul www.mjob.work Exist\u0103, de asemenea, c\u00e2teva linkuri utile pe aceast\u0103 tem\u0103. Dac\u0103 ave\u021bi nevoie de mai multe informa\u021bii \u0219i nu se g\u0103sesc mai jos, ne pute\u021bi contacta la adresa de [&hellip;]<\/p>\n","protected":false},"author":1,"featured_media":0,"parent":0,"menu_order":0,"comment_status":"closed","ping_status":"closed","template":"","meta":{"footnotes":""},"class_list":["post-2277","page","type-page","status-publish","hentry"],"_links":{"self":[{"href":"https:\/\/www.mjob.work\/ro\/wp-json\/wp\/v2\/pages\/2277","targetHints":{"allow":["GET"]}}],"collection":[{"href":"https:\/\/www.mjob.work\/ro\/wp-json\/wp\/v2\/pages"}],"about":[{"href":"https:\/\/www.mjob.work\/ro\/wp-json\/wp\/v2\/types\/page"}],"author":[{"embeddable":true,"href":"https:\/\/www.mjob.work\/ro\/wp-json\/wp\/v2\/users\/1"}],"replies":[{"embeddable":true,"href":"https:\/\/www.mjob.work\/ro\/wp-json\/wp\/v2\/comments?post=2277"}],"version-history":[{"count":3,"href":"https:\/\/www.mjob.work\/ro\/wp-json\/wp\/v2\/pages\/2277\/revisions"}],"predecessor-version":[{"id":2281,"href":"https:\/\/www.mjob.work\/ro\/wp-json\/wp\/v2\/pages\/2277\/revisions\/2281"}],"wp:attachment":[{"href":"https:\/\/www.mjob.work\/ro\/wp-json\/wp\/v2\/media?parent=2277"}],"curies":[{"name":"wp","href":"https:\/\/api.w.org\/{rel}","templated":true}]}}